{"id":2247,"date":"2022-12-05T21:37:00","date_gmt":"2022-12-06T02:37:00","guid":{"rendered":"https:\/\/fifarma.org\/?page_id=2247"},"modified":"2024-02-20T09:36:30","modified_gmt":"2024-02-20T14:36:30","slug":"salud","status":"publish","type":"page","link":"https:\/\/fifarma.org\/pt\/observatorio\/saude\/","title":{"rendered":"Sa\u00fade"},"content":{"rendered":"<div data-elementor-type=\"wp-page\" data-elementor-id=\"2247\" class=\"elementor elementor-2247\" data-elementor-post-type=\"page\">\n\t\t\t\t\t\t<section class=\"elementor-section elementor-top-section elementor-element elementor-element-48a4f3d elementor-section-height-min-height elementor-section-boxed elementor-section-height-default elementor-section-items-middle\" data-id=\"48a4f3d\" data-element_type=\"section\" data-settings=\"{&quot;jet_parallax_layout_list&quot;:[],&quot;background_background&quot;:&quot;classic&quot;}\">\n\t\t\t\t\t\t\t<div class=\"elementor-background-overlay\"><\/div>\n\t\t\t\t\t\t\t<div class=\"elementor-container elementor-column-gap-default\">\n\t\t\t\t\t<div class=\"elementor-column elementor-col-100 elementor-top-column elementor-element elementor-element-e4a9d6a\" data-id=\"e4a9d6a\" data-element_type=\"column\">\n\t\t\t<div class=\"elementor-widget-wrap\">\n\t\t\t\t\t\t\t<\/div>\n\t\t<\/div>\n\t\t\t\t\t<\/div>\n\t\t<\/section>\n\t\t\t\t<section class=\"elementor-section elementor-top-section elementor-element elementor-element-dceed3f elementor-section-boxed elementor-section-height-default elementor-section-height-default\" data-id=\"dceed3f\" data-element_type=\"section\" data-settings=\"{&quot;jet_parallax_layout_list&quot;:[]}\">\n\t\t\t\t\t\t<div class=\"elementor-container elementor-column-gap-default\">\n\t\t\t\t\t<div class=\"elementor-column elementor-col-100 elementor-top-column elementor-element elementor-element-4cce4ca\" data-id=\"4cce4ca\" data-element_type=\"column\">\n\t\t\t<div class=\"elementor-widget-wrap elementor-element-populated\">\n\t\t\t\t\t\t<div class=\"elementor-element elementor-element-aabad6e elementor-widget elementor-widget-heading\" data-id=\"aabad6e\" data-element_type=\"widget\" data-widget_type=\"heading.default\">\n\t\t\t\t<div class=\"elementor-widget-container\">\n\t\t\t\t\t<h2 class=\"elementor-heading-title elementor-size-default\">Sa\u00fade<\/h2>\t\t\t\t<\/div>\n\t\t\t\t<\/div>\n\t\t\t\t<div class=\"elementor-element elementor-element-8c81b76 elementor-widget-divider--view-line elementor-widget elementor-widget-divider\" data-id=\"8c81b76\" data-element_type=\"widget\" data-widget_type=\"divider.default\">\n\t\t\t\t<div class=\"elementor-widget-container\">\n\t\t\t\t\t\t\t<div class=\"elementor-divider\">\n\t\t\t<span class=\"elementor-divider-separator\">\n\t\t\t\t\t\t<\/span>\n\t\t<\/div>\n\t\t\t\t\t\t<\/div>\n\t\t\t\t<\/div>\n\t\t\t\t<div class=\"elementor-element elementor-element-b7ff232 elementor-widget elementor-widget-html\" data-id=\"b7ff232\" data-element_type=\"widget\" data-no-translation=\"\" data-widget_type=\"html.default\">\n\t\t\t\t<div class=\"elementor-widget-container\">\n\t\t\t\t\t<style>.elementor-element-b7ff232{display:none !important}<\/style>\t\t\t\t<\/div>\n\t\t\t\t<\/div>\n\t\t\t\t<div class=\"elementor-element elementor-element-b32bd64 elementor-widget elementor-widget-html\" data-id=\"b32bd64\" data-element_type=\"widget\" data-no-translation=\"\" data-widget_type=\"html.default\">\n\t\t\t\t<div class=\"elementor-widget-container\">\n\t\t\t\t\t<style>.elementor-element-b32bd64{display:none !important}<\/style>\t\t\t\t<\/div>\n\t\t\t\t<\/div>\n\t\t\t\t<div class=\"elementor-element elementor-element-bdc8ebf elementor-widget elementor-widget-html\" data-id=\"bdc8ebf\" data-element_type=\"widget\" data-no-translation=\"\" data-widget_type=\"html.default\">\n\t\t\t\t<div class=\"elementor-widget-container\">\n\t\t\t\t\t<iframe title=\"Dashboard__SALUD__0912\" width=\"600\" height=\"800\" src=\"https:\/\/app.powerbi.com\/view?r=eyJrIjoiMzgxZmY5NjItMDM3MC00MjVhLTk0NGMtZTRiYmE0ZWQzYjA0IiwidCI6Ijc0YzBjMjUwLTFjNzctNDA1ZC05YjFlLTlhYzFmNTA4YWJlMyIsImMiOjR9&pageName=ReportSectiond3258c6fb9c565fa38f8\" frameborder=\"0\" allowfullscreen=\"true\"><\/iframe>\t\t\t\t<\/div>\n\t\t\t\t<\/div>\n\t\t\t\t\t<\/div>\n\t\t<\/div>\n\t\t\t\t\t<\/div>\n\t\t<\/section>\n\t\t\t\t<section class=\"elementor-section elementor-top-section elementor-element elementor-element-4ae8ca0 elementor-section-boxed elementor-section-height-default elementor-section-height-default\" data-id=\"4ae8ca0\" data-element_type=\"section\" data-settings=\"{&quot;background_background&quot;:&quot;classic&quot;,&quot;jet_parallax_layout_list&quot;:[]}\">\n\t\t\t\t\t\t<div class=\"elementor-container elementor-column-gap-default\">\n\t\t\t\t\t<div class=\"elementor-column elementor-col-100 elementor-top-column elementor-element elementor-element-d91eccd\" data-id=\"d91eccd\" data-element_type=\"column\">\n\t\t\t<div class=\"elementor-widget-wrap elementor-element-populated\">\n\t\t\t\t\t\t<div class=\"elementor-element elementor-element-693683f elementor-widget elementor-widget-heading\" data-id=\"693683f\" data-element_type=\"widget\" data-widget_type=\"heading.default\">\n\t\t\t\t<div class=\"elementor-widget-container\">\n\t\t\t\t\t<h6 class=\"elementor-heading-title elementor-size-default\">seguindo explorando<\/h6>\t\t\t\t<\/div>\n\t\t\t\t<\/div>\n\t\t\t\t<div class=\"elementor-element elementor-element-f070648 elementor-widget elementor-widget-heading\" data-id=\"f070648\" data-element_type=\"widget\" data-widget_type=\"heading.default\">\n\t\t\t\t<div class=\"elementor-widget-container\">\n\t\t\t\t\t<h2 class=\"elementor-heading-title elementor-size-default\">Outras categorias<\/h2>\t\t\t\t<\/div>\n\t\t\t\t<\/div>\n\t\t\t\t<section class=\"elementor-section elementor-inner-section elementor-element elementor-element-cdb962a elementor-section-full_width elementor-section-height-min-height elementor-section-height-default\" data-id=\"cdb962a\" data-element_type=\"section\" data-settings=\"{&quot;jet_parallax_layout_list&quot;:[]}\">\n\t\t\t\t\t\t<div class=\"elementor-container elementor-column-gap-default\">\n\t\t\t\t\t<div class=\"elementor-column elementor-col-50 elementor-inner-column elementor-element elementor-element-c82231e\" data-id=\"c82231e\" data-element_type=\"column\" data-settings=\"{&quot;background_background&quot;:&quot;classic&quot;,&quot;animation_mobile&quot;:&quot;fadeInUp&quot;}\">\n\t\t\t<div class=\"elementor-widget-wrap elementor-element-populated\">\n\t\t\t\t\t\t<div class=\"elementor-element elementor-element-5fae98b elementor-widget elementor-widget-image\" data-id=\"5fae98b\" data-element_type=\"widget\" data-widget_type=\"image.default\">\n\t\t\t\t<div class=\"elementor-widget-container\">\n\t\t\t\t\t\t\t\t\t\t\t\t\t\t\t<img decoding=\"async\" width=\"100\" height=\"100\" src=\"https:\/\/fifarma.org\/wp-content\/uploads\/2022\/12\/perfil-pais.svg\" class=\"attachment-large size-large wp-image-1691\" alt=\"\" \/>\t\t\t\t\t\t\t\t\t\t\t\t\t\t\t<\/div>\n\t\t\t\t<\/div>\n\t\t\t\t<div class=\"elementor-element elementor-element-9171720 elementor-widget elementor-widget-heading\" data-id=\"9171720\" data-element_type=\"widget\" data-widget_type=\"heading.default\">\n\t\t\t\t<div class=\"elementor-widget-container\">\n\t\t\t\t\t<h5 class=\"elementor-heading-title elementor-size-default\">Perfil do pa\u00eds<\/h5>\t\t\t\t<\/div>\n\t\t\t\t<\/div>\n\t\t\t\t<div class=\"elementor-element elementor-element-9358c6b elementor-widget elementor-widget-jet-button\" data-id=\"9358c6b\" data-element_type=\"widget\" data-widget_type=\"jet-button.default\">\n\t\t\t\t<div class=\"elementor-widget-container\">\n\t\t\t\t\t<div class=\"elementor-jet-button jet-elements\"><div class=\"jet-button__container\">\n\t<a class=\"jet-button__instance jet-button__instance--icon-left hover-effect-4\" href=\"https:\/\/fifarma.org\/pt\/observatorio\/perfil-pais\/\">\n\t\t<div class=\"jet-button__plane jet-button__plane-normal\"><\/div>\n\t\t<div class=\"jet-button__plane jet-button__plane-hover\"><\/div>\n\t\t<div class=\"jet-button__state jet-button__state-normal\">\n\t\t\t<span class=\"jet-button__icon jet-elements-icon\"><svg xmlns=\"http:\/\/www.w3.org\/2000\/svg\" width=\"58\" height=\"20\" viewbox=\"0 0 58 20\" fill=\"none\"><path fill-rule=\"evenodd\" clip-rule=\"evenodd\" d=\"M49.021 0.397743L57.6049 9.03978C58.1317 9.57009 58.1317 10.4299 57.6049 10.9602L49.021 19.6023C48.4942 20.1326 47.6402 20.1326 47.1134 19.6023C46.5867 19.0719 46.5867 18.2121 47.1134 17.6818L53.3948 11.358L-9.92945e-07 11.358L-7.55511e-07 8.64203L53.3948 8.64204L47.1134 2.31819C46.5867 1.78788 46.5867 0.928061 47.1134 0.397743C47.6402 -0.132575 48.4942 -0.132575 49.021 0.397743Z\" fill=\"#171717\"><\/path><\/svg><\/span><span class=\"jet-button__label\">VER MAIS<\/span>\t\t<\/div>\n\t\t<div class=\"jet-button__state jet-button__state-hover\">\n\t\t\t<span class=\"jet-button__icon jet-elements-icon\"><svg xmlns=\"http:\/\/www.w3.org\/2000\/svg\" width=\"58\" height=\"20\" viewbox=\"0 0 58 20\" fill=\"none\"><path fill-rule=\"evenodd\" clip-rule=\"evenodd\" d=\"M49.021 0.397743L57.6049 9.03978C58.1317 9.57009 58.1317 10.4299 57.6049 10.9602L49.021 19.6023C48.4942 20.1326 47.6402 20.1326 47.1134 19.6023C46.5867 19.0719 46.5867 18.2121 47.1134 17.6818L53.3948 11.358L-9.92945e-07 11.358L-7.55511e-07 8.64203L53.3948 8.64204L47.1134 2.31819C46.5867 1.78788 46.5867 0.928061 47.1134 0.397743C47.6402 -0.132575 48.4942 -0.132575 49.021 0.397743Z\" fill=\"#171717\"><\/path><\/svg><\/span><span class=\"jet-button__label\">VER MAIS<\/span>\t\t<\/div>\n\t<\/a>\n<\/div>\n<\/div>\t\t\t\t<\/div>\n\t\t\t\t<\/div>\n\t\t\t\t\t<\/div>\n\t\t<\/div>\n\t\t\t\t<div class=\"elementor-column elementor-col-50 elementor-inner-column elementor-element elementor-element-90a1172\" data-id=\"90a1172\" data-element_type=\"column\" data-settings=\"{&quot;background_background&quot;:&quot;classic&quot;,&quot;animation_mobile&quot;:&quot;fadeInUp&quot;}\">\n\t\t\t<div class=\"elementor-widget-wrap elementor-element-populated\">\n\t\t\t\t\t\t<div class=\"elementor-element elementor-element-7c47caf elementor-widget elementor-widget-image\" data-id=\"7c47caf\" data-element_type=\"widget\" data-widget_type=\"image.default\">\n\t\t\t\t<div class=\"elementor-widget-container\">\n\t\t\t\t\t\t\t\t\t\t\t\t\t\t\t<img decoding=\"async\" width=\"100\" height=\"100\" src=\"https:\/\/fifarma.org\/wp-content\/uploads\/2022\/12\/innovacion.svg\" class=\"attachment-large size-large wp-image-1690\" alt=\"\" \/>\t\t\t\t\t\t\t\t\t\t\t\t\t\t\t<\/div>\n\t\t\t\t<\/div>\n\t\t\t\t<div class=\"elementor-element elementor-element-500b077 elementor-widget elementor-widget-heading\" data-id=\"500b077\" data-element_type=\"widget\" data-widget_type=\"heading.default\">\n\t\t\t\t<div class=\"elementor-widget-container\">\n\t\t\t\t\t<h5 class=\"elementor-heading-title elementor-size-default\">Inova\u00e7\u00e3o<\/h5>\t\t\t\t<\/div>\n\t\t\t\t<\/div>\n\t\t\t\t<div class=\"elementor-element elementor-element-2393601 elementor-widget elementor-widget-jet-button\" data-id=\"2393601\" data-element_type=\"widget\" data-widget_type=\"jet-button.default\">\n\t\t\t\t<div class=\"elementor-widget-container\">\n\t\t\t\t\t<div class=\"elementor-jet-button jet-elements\"><div class=\"jet-button__container\">\n\t<a class=\"jet-button__instance jet-button__instance--icon-left hover-effect-4\" href=\"https:\/\/fifarma.org\/pt\/observatorio\/inovacao\/\">\n\t\t<div class=\"jet-button__plane jet-button__plane-normal\"><\/div>\n\t\t<div class=\"jet-button__plane jet-button__plane-hover\"><\/div>\n\t\t<div class=\"jet-button__state jet-button__state-normal\">\n\t\t\t<span class=\"jet-button__icon jet-elements-icon\"><svg xmlns=\"http:\/\/www.w3.org\/2000\/svg\" width=\"58\" height=\"20\" viewbox=\"0 0 58 20\" fill=\"none\"><path fill-rule=\"evenodd\" clip-rule=\"evenodd\" d=\"M49.021 0.397743L57.6049 9.03978C58.1317 9.57009 58.1317 10.4299 57.6049 10.9602L49.021 19.6023C48.4942 20.1326 47.6402 20.1326 47.1134 19.6023C46.5867 19.0719 46.5867 18.2121 47.1134 17.6818L53.3948 11.358L-9.92945e-07 11.358L-7.55511e-07 8.64203L53.3948 8.64204L47.1134 2.31819C46.5867 1.78788 46.5867 0.928061 47.1134 0.397743C47.6402 -0.132575 48.4942 -0.132575 49.021 0.397743Z\" fill=\"#171717\"><\/path><\/svg><\/span><span class=\"jet-button__label\">VER MAIS<\/span>\t\t<\/div>\n\t\t<div class=\"jet-button__state jet-button__state-hover\">\n\t\t\t<span class=\"jet-button__icon jet-elements-icon\"><svg xmlns=\"http:\/\/www.w3.org\/2000\/svg\" width=\"58\" height=\"20\" viewbox=\"0 0 58 20\" fill=\"none\"><path fill-rule=\"evenodd\" clip-rule=\"evenodd\" d=\"M49.021 0.397743L57.6049 9.03978C58.1317 9.57009 58.1317 10.4299 57.6049 10.9602L49.021 19.6023C48.4942 20.1326 47.6402 20.1326 47.1134 19.6023C46.5867 19.0719 46.5867 18.2121 47.1134 17.6818L53.3948 11.358L-9.92945e-07 11.358L-7.55511e-07 8.64203L53.3948 8.64204L47.1134 2.31819C46.5867 1.78788 46.5867 0.928061 47.1134 0.397743C47.6402 -0.132575 48.4942 -0.132575 49.021 0.397743Z\" fill=\"#171717\"><\/path><\/svg><\/span><span class=\"jet-button__label\">VER MAIS<\/span>\t\t<\/div>\n\t<\/a>\n<\/div>\n<\/div>\t\t\t\t<\/div>\n\t\t\t\t<\/div>\n\t\t\t\t\t<\/div>\n\t\t<\/div>\n\t\t\t\t\t<\/div>\n\t\t<\/section>\n\t\t\t\t\t<\/div>\n\t\t<\/div>\n\t\t\t\t\t<\/div>\n\t\t<\/section>\n\t\t\t\t<\/div>\n\t\t\n    <div class=\"xs_social_share_widget xs_share_url after_content \t\tmain_content  wslu-style-1 wslu-share-box-shaped wslu-fill-colored wslu-none wslu-share-horizontal wslu-theme-font-no wslu-main_content\">\n\n\t\t\n        <ul>\n\t\t\t        <\/ul>\n    <\/div>","protected":false},"excerpt":{"rendered":"<p>Salud seguir explorando Otras categor\u00edas Perfil Pa\u00eds LEER M\u00c1S LEER M\u00c1S Innovaci\u00f3n LEER M\u00c1S LEER M\u00c1S<\/p>","protected":false},"author":24,"featured_media":0,"parent":1953,"menu_order":0,"comment_status":"closed","ping_status":"closed","template":"elementor_header_footer","meta":{"postBodyCss":"","postBodyMargin":[],"postBodyPadding":[],"postBodyBackground":{"backgroundType":"classic","gradient":""},"enableOnePageScrollInPage":false,"onePageScrollCss":"","onePageScrollSpeed":1000,"onePageScrollAnimation":"easeInOutQuad","onePageScrollShowDotNavigation":true,"onePageScrollNavigation":"scaleUp","onePageScrollNavigationPosition":"right","onePageScrollNavigationHorizontal":[],"onePageScrollNavigationVertical":[],"onePageScrollNavigationSpacing":[],"onePageScrollNavigationColor":"#00ff0d","onePageScrollNavigationColorHover":"#00ff0d","onePageScrollNavigationColorActive":"#00ff0d","onePageScrollNavigationIcon":[],"onePageScrollNavigationWidth":[],"onePageScrollNavigationWidthHover":[],"onePageScrollNavigationWidthActive":[],"onePageScrollNavigationHeight":[],"onePageScrollNavigationHeightHover":[],"onePageScrollNavigationHeightActive":[],"onePageScrollNavigationBorder":[],"onePageScrollNavigationBorderHover":[],"onePageScrollNavigationBorderActive":[],"onePageScrollNavigationBorderRadius":[],"onePageScrollNavigationBorderRadiusHover":[],"onePageScrollNavigationBorderRadiusActive":[],"onePageScrollNavigationTooltipTypography":[],"onePageScrollNavigationTooltipColor":"#ffffff","onePageScrollNavigationTooltipColorHover":"","onePageScrollNavigationTooltipBgColor":"#00ff0d","onePageScrollNavigationTooltipBgColorHover":"","onePageScrollNavigationTooltipPadding":[],"onePageScrollNavigationTooltipPaddingHover":[],"onePageScrollNavigationTooltipBorderRadius":[],"onePageScrollNavigationTooltipBorderRadiusHover":[],"pageSettingsCustomCss":"","footnotes":""},"class_list":["post-2247","page","type-page","status-publish","hentry"],"yoast_head":"<!-- This site is optimized with the Yoast SEO Premium plugin v26.7 (Yoast SEO v27.4) - https:\/\/yoast.com\/product\/yoast-seo-premium-wordpress\/ -->\n<title>Salud - FIFARMA<\/title>\n<meta name=\"robots\" content=\"index, follow, max-snippet:-1, max-image-preview:large, max-video-preview:-1\" \/>\n<link rel=\"canonical\" href=\"https:\/\/fifarma.org\/pt\/observatorio\/saude\/\" \/>\n<meta property=\"og:locale\" content=\"pt_BR\" \/>\n<meta property=\"og:type\" content=\"article\" \/>\n<meta property=\"og:title\" content=\"Salud\" \/>\n<meta property=\"og:description\" content=\"Salud seguir explorando Otras categor\u00edas Perfil Pa\u00eds LEER M\u00c1S LEER M\u00c1S Innovaci\u00f3n LEER M\u00c1S LEER M\u00c1S\" \/>\n<meta property=\"og:url\" content=\"https:\/\/fifarma.org\/pt\/observatorio\/saude\/\" \/>\n<meta property=\"og:site_name\" content=\"FIFARMA\" \/>\n<meta property=\"article:modified_time\" content=\"2024-02-20T14:36:30+00:00\" \/>\n<meta property=\"og:image\" content=\"https:\/\/fifarma.org\/wp-content\/uploads\/2022\/12\/perfil-pais.svg\" \/>\n<meta name=\"twitter:card\" content=\"summary_large_image\" \/>\n<meta name=\"twitter:label1\" content=\"Est. tempo de leitura\" \/>\n\t<meta name=\"twitter:data1\" content=\"1 minuto\" \/>\n<script type=\"application\/ld+json\" class=\"yoast-schema-graph\">{\"@context\":\"https:\\\/\\\/schema.org\",\"@graph\":[{\"@type\":\"WebPage\",\"@id\":\"https:\\\/\\\/fifarma.org\\\/observatorio\\\/salud\\\/\",\"url\":\"https:\\\/\\\/fifarma.org\\\/observatorio\\\/salud\\\/\",\"name\":\"Salud - FIFARMA\",\"isPartOf\":{\"@id\":\"https:\\\/\\\/fifarma.org\\\/#website\"},\"primaryImageOfPage\":{\"@id\":\"https:\\\/\\\/fifarma.org\\\/observatorio\\\/salud\\\/#primaryimage\"},\"image\":{\"@id\":\"https:\\\/\\\/fifarma.org\\\/observatorio\\\/salud\\\/#primaryimage\"},\"thumbnailUrl\":\"https:\\\/\\\/fifarma.org\\\/wp-content\\\/uploads\\\/2022\\\/12\\\/perfil-pais.svg\",\"datePublished\":\"2022-12-06T02:37:00+00:00\",\"dateModified\":\"2024-02-20T14:36:30+00:00\",\"breadcrumb\":{\"@id\":\"https:\\\/\\\/fifarma.org\\\/observatorio\\\/salud\\\/#breadcrumb\"},\"inLanguage\":\"pt-BR\",\"potentialAction\":[{\"@type\":\"ReadAction\",\"target\":[\"https:\\\/\\\/fifarma.org\\\/observatorio\\\/salud\\\/\"]}]},{\"@type\":\"ImageObject\",\"inLanguage\":\"pt-BR\",\"@id\":\"https:\\\/\\\/fifarma.org\\\/observatorio\\\/salud\\\/#primaryimage\",\"url\":\"https:\\\/\\\/fifarma.org\\\/wp-content\\\/uploads\\\/2022\\\/12\\\/perfil-pais.svg\",\"contentUrl\":\"https:\\\/\\\/fifarma.org\\\/wp-content\\\/uploads\\\/2022\\\/12\\\/perfil-pais.svg\"},{\"@type\":\"BreadcrumbList\",\"@id\":\"https:\\\/\\\/fifarma.org\\\/observatorio\\\/salud\\\/#breadcrumb\",\"itemListElement\":[{\"@type\":\"ListItem\",\"position\":1,\"name\":\"Portada\",\"item\":\"https:\\\/\\\/fifarma.org\\\/\"},{\"@type\":\"ListItem\",\"position\":2,\"name\":\"Observatorio\",\"item\":\"https:\\\/\\\/fifarma.org\\\/observatorio\\\/\"},{\"@type\":\"ListItem\",\"position\":3,\"name\":\"Salud\"}]},{\"@type\":\"WebSite\",\"@id\":\"https:\\\/\\\/fifarma.org\\\/#website\",\"url\":\"https:\\\/\\\/fifarma.org\\\/\",\"name\":\"FIFARMA\",\"description\":\"Federaci\u00f3n Latinoamericana de la Industria Farmac\u00e9utica\",\"publisher\":{\"@id\":\"https:\\\/\\\/fifarma.org\\\/#organization\"},\"potentialAction\":[{\"@type\":\"SearchAction\",\"target\":{\"@type\":\"EntryPoint\",\"urlTemplate\":\"https:\\\/\\\/fifarma.org\\\/?s={search_term_string}\"},\"query-input\":{\"@type\":\"PropertyValueSpecification\",\"valueRequired\":true,\"valueName\":\"search_term_string\"}}],\"inLanguage\":\"pt-BR\"},{\"@type\":\"Organization\",\"@id\":\"https:\\\/\\\/fifarma.org\\\/#organization\",\"name\":\"Fifarma\",\"alternateName\":\"Federaci\u00f3n Latinoamericana de la Industria Farmac\u00e9utica\",\"url\":\"https:\\\/\\\/fifarma.org\\\/\",\"logo\":{\"@type\":\"ImageObject\",\"inLanguage\":\"pt-BR\",\"@id\":\"https:\\\/\\\/fifarma.org\\\/#\\\/schema\\\/logo\\\/image\\\/\",\"url\":\"https:\\\/\\\/fifarma.org\\\/wp-content\\\/uploads\\\/2022\\\/10\\\/logo-fifarma.png\",\"contentUrl\":\"https:\\\/\\\/fifarma.org\\\/wp-content\\\/uploads\\\/2022\\\/10\\\/logo-fifarma.png\",\"width\":195,\"height\":39,\"caption\":\"Fifarma\"},\"image\":{\"@id\":\"https:\\\/\\\/fifarma.org\\\/#\\\/schema\\\/logo\\\/image\\\/\"}}]}<\/script>\n<!-- \/ Yoast SEO Premium plugin. -->","yoast_head_json":{"title":"Salud - FIFARMA","robots":{"index":"index","follow":"follow","max-snippet":"max-snippet:-1","max-image-preview":"max-image-preview:large","max-video-preview":"max-video-preview:-1"},"canonical":"https:\/\/fifarma.org\/pt\/observatorio\/saude\/","og_locale":"pt_BR","og_type":"article","og_title":"Salud","og_description":"Salud seguir explorando Otras categor\u00edas Perfil Pa\u00eds LEER M\u00c1S LEER M\u00c1S Innovaci\u00f3n LEER M\u00c1S LEER M\u00c1S","og_url":"https:\/\/fifarma.org\/pt\/observatorio\/saude\/","og_site_name":"FIFARMA","article_modified_time":"2024-02-20T14:36:30+00:00","og_image":[{"url":"https:\/\/fifarma.org\/wp-content\/uploads\/2022\/12\/perfil-pais.svg","type":"","width":"","height":""}],"twitter_card":"summary_large_image","twitter_misc":{"Est. tempo de leitura":"1 minuto"},"schema":{"@context":"https:\/\/schema.org","@graph":[{"@type":"WebPage","@id":"https:\/\/fifarma.org\/observatorio\/salud\/","url":"https:\/\/fifarma.org\/observatorio\/salud\/","name":"Salud - FIFARMA","isPartOf":{"@id":"https:\/\/fifarma.org\/#website"},"primaryImageOfPage":{"@id":"https:\/\/fifarma.org\/observatorio\/salud\/#primaryimage"},"image":{"@id":"https:\/\/fifarma.org\/observatorio\/salud\/#primaryimage"},"thumbnailUrl":"https:\/\/fifarma.org\/wp-content\/uploads\/2022\/12\/perfil-pais.svg","datePublished":"2022-12-06T02:37:00+00:00","dateModified":"2024-02-20T14:36:30+00:00","breadcrumb":{"@id":"https:\/\/fifarma.org\/observatorio\/salud\/#breadcrumb"},"inLanguage":"pt-BR","potentialAction":[{"@type":"ReadAction","target":["https:\/\/fifarma.org\/observatorio\/salud\/"]}]},{"@type":"ImageObject","inLanguage":"pt-BR","@id":"https:\/\/fifarma.org\/observatorio\/salud\/#primaryimage","url":"https:\/\/fifarma.org\/wp-content\/uploads\/2022\/12\/perfil-pais.svg","contentUrl":"https:\/\/fifarma.org\/wp-content\/uploads\/2022\/12\/perfil-pais.svg"},{"@type":"BreadcrumbList","@id":"https:\/\/fifarma.org\/observatorio\/salud\/#breadcrumb","itemListElement":[{"@type":"ListItem","position":1,"name":"Portada","item":"https:\/\/fifarma.org\/"},{"@type":"ListItem","position":2,"name":"Observatorio","item":"https:\/\/fifarma.org\/observatorio\/"},{"@type":"ListItem","position":3,"name":"Salud"}]},{"@type":"WebSite","@id":"https:\/\/fifarma.org\/#website","url":"https:\/\/fifarma.org\/","name":"FIFARMA","description":"Federaci\u00f3n Latinoamericana de la Industria Farmac\u00e9utica","publisher":{"@id":"https:\/\/fifarma.org\/#organization"},"potentialAction":[{"@type":"SearchAction","target":{"@type":"EntryPoint","urlTemplate":"https:\/\/fifarma.org\/?s={search_term_string}"},"query-input":{"@type":"PropertyValueSpecification","valueRequired":true,"valueName":"search_term_string"}}],"inLanguage":"pt-BR"},{"@type":"Organization","@id":"https:\/\/fifarma.org\/#organization","name":"Fifarma","alternateName":"Federaci\u00f3n Latinoamericana de la Industria Farmac\u00e9utica","url":"https:\/\/fifarma.org\/","logo":{"@type":"ImageObject","inLanguage":"pt-BR","@id":"https:\/\/fifarma.org\/#\/schema\/logo\/image\/","url":"https:\/\/fifarma.org\/wp-content\/uploads\/2022\/10\/logo-fifarma.png","contentUrl":"https:\/\/fifarma.org\/wp-content\/uploads\/2022\/10\/logo-fifarma.png","width":195,"height":39,"caption":"Fifarma"},"image":{"@id":"https:\/\/fifarma.org\/#\/schema\/logo\/image\/"}}]}},"_links":{"self":[{"href":"https:\/\/fifarma.org\/pt\/wp-json\/wp\/v2\/pages\/2247","targetHints":{"allow":["GET"]}}],"collection":[{"href":"https:\/\/fifarma.org\/pt\/wp-json\/wp\/v2\/pages"}],"about":[{"href":"https:\/\/fifarma.org\/pt\/wp-json\/wp\/v2\/types\/page"}],"author":[{"embeddable":true,"href":"https:\/\/fifarma.org\/pt\/wp-json\/wp\/v2\/users\/24"}],"replies":[{"embeddable":true,"href":"https:\/\/fifarma.org\/pt\/wp-json\/wp\/v2\/comments?post=2247"}],"version-history":[{"count":0,"href":"https:\/\/fifarma.org\/pt\/wp-json\/wp\/v2\/pages\/2247\/revisions"}],"up":[{"embeddable":true,"href":"https:\/\/fifarma.org\/pt\/wp-json\/wp\/v2\/pages\/1953"}],"wp:attachment":[{"href":"https:\/\/fifarma.org\/pt\/wp-json\/wp\/v2\/media?parent=2247"}],"curies":[{"name":"wp","href":"https:\/\/api.w.org\/{rel}","templated":true}]}}