{"id":1702,"date":"2022-12-02T09:48:43","date_gmt":"2022-12-02T14:48:43","guid":{"rendered":"https:\/\/fifarma.org\/?page_id=1702"},"modified":"2024-02-20T09:36:30","modified_gmt":"2024-02-20T14:36:30","slug":"perfil-pais","status":"publish","type":"page","link":"https:\/\/fifarma.org\/pt\/observatorio\/perfil-pais\/","title":{"rendered":"Perfil do pa\u00eds"},"content":{"rendered":"<div data-elementor-type=\"wp-page\" data-elementor-id=\"1702\" class=\"elementor elementor-1702\" data-elementor-post-type=\"page\">\n\t\t\t\t\t\t<section class=\"elementor-section elementor-top-section elementor-element elementor-element-75d382fa elementor-section-height-min-height elementor-section-boxed elementor-section-height-default elementor-section-items-middle\" data-id=\"75d382fa\" data-element_type=\"section\" data-settings=\"{&quot;jet_parallax_layout_list&quot;:[],&quot;background_background&quot;:&quot;classic&quot;}\">\n\t\t\t\t\t\t\t<div class=\"elementor-background-overlay\"><\/div>\n\t\t\t\t\t\t\t<div class=\"elementor-container elementor-column-gap-default\">\n\t\t\t\t\t<div class=\"elementor-column elementor-col-100 elementor-top-column elementor-element elementor-element-3f2ba72f\" data-id=\"3f2ba72f\" data-element_type=\"column\">\n\t\t\t<div class=\"elementor-widget-wrap\">\n\t\t\t\t\t\t\t<\/div>\n\t\t<\/div>\n\t\t\t\t\t<\/div>\n\t\t<\/section>\n\t\t\t\t<section class=\"elementor-section elementor-top-section elementor-element elementor-element-24c5c8db elementor-section-boxed elementor-section-height-default elementor-section-height-default\" data-id=\"24c5c8db\" data-element_type=\"section\" data-settings=\"{&quot;jet_parallax_layout_list&quot;:[]}\">\n\t\t\t\t\t\t<div class=\"elementor-container elementor-column-gap-default\">\n\t\t\t\t\t<div class=\"elementor-column elementor-col-100 elementor-top-column elementor-element elementor-element-30f26f9c\" data-id=\"30f26f9c\" data-element_type=\"column\">\n\t\t\t<div class=\"elementor-widget-wrap elementor-element-populated\">\n\t\t\t\t\t\t<div class=\"elementor-element elementor-element-3f437df6 elementor-widget elementor-widget-heading\" data-id=\"3f437df6\" data-element_type=\"widget\" data-widget_type=\"heading.default\">\n\t\t\t\t<div class=\"elementor-widget-container\">\n\t\t\t\t\t<h6 class=\"elementor-heading-title elementor-size-default\">QUEM SOMOS<\/h6>\t\t\t\t<\/div>\n\t\t\t\t<\/div>\n\t\t\t\t<div class=\"elementor-element elementor-element-2e9fb178 elementor-widget elementor-widget-heading\" data-id=\"2e9fb178\" data-element_type=\"widget\" data-widget_type=\"heading.default\">\n\t\t\t\t<div class=\"elementor-widget-container\">\n\t\t\t\t\t<h2 class=\"elementor-heading-title elementor-size-default\">Perfil do pa\u00eds<\/h2>\t\t\t\t<\/div>\n\t\t\t\t<\/div>\n\t\t\t\t<div class=\"elementor-element elementor-element-9e10800 elementor-widget-divider--view-line elementor-widget elementor-widget-divider\" data-id=\"9e10800\" data-element_type=\"widget\" data-widget_type=\"divider.default\">\n\t\t\t\t<div class=\"elementor-widget-container\">\n\t\t\t\t\t\t\t<div class=\"elementor-divider\">\n\t\t\t<span class=\"elementor-divider-separator\">\n\t\t\t\t\t\t<\/span>\n\t\t<\/div>\n\t\t\t\t\t\t<\/div>\n\t\t\t\t<\/div>\n\t\t\t\t<div class=\"elementor-element elementor-element-1990b84 elementor-widget elementor-widget-html\" data-id=\"1990b84\" data-element_type=\"widget\" data-no-translation=\"\" data-widget_type=\"html.default\">\n\t\t\t\t<div class=\"elementor-widget-container\">\n\t\t\t\t\t<style>.elementor-element-1990b84{display:none !important}<\/style>\t\t\t\t<\/div>\n\t\t\t\t<\/div>\n\t\t\t\t<div class=\"elementor-element elementor-element-7bf7b1a elementor-widget elementor-widget-html\" data-id=\"7bf7b1a\" data-element_type=\"widget\" data-no-translation=\"\" data-widget_type=\"html.default\">\n\t\t\t\t<div class=\"elementor-widget-container\">\n\t\t\t\t\t<style>.elementor-element-7bf7b1a{display:none !important}<\/style>\t\t\t\t<\/div>\n\t\t\t\t<\/div>\n\t\t\t\t<div class=\"elementor-element elementor-element-128453a elementor-widget elementor-widget-html\" data-id=\"128453a\" data-element_type=\"widget\" data-no-translation=\"\" data-widget_type=\"html.default\">\n\t\t\t\t<div class=\"elementor-widget-container\">\n\t\t\t\t\t<iframe title=\"Dashboard_PA\u00cdS_0912\" width=\"600\" height=\"800\" src=\"https:\/\/app.powerbi.com\/view?r=eyJrIjoiMGQ4YWI1MmQtZTZjNi00NDc2LTgwNjgtMjk1ZTA4NTAwNDM4IiwidCI6Ijc0YzBjMjUwLTFjNzctNDA1ZC05YjFlLTlhYzFmNTA4YWJlMyIsImMiOjR9&pageName=ReportSectiond3258c6fb9c565fa38f8\" frameborder=\"0\" allowfullscreen=\"true\"><\/iframe>\t\t\t\t<\/div>\n\t\t\t\t<\/div>\n\t\t\t\t\t<\/div>\n\t\t<\/div>\n\t\t\t\t\t<\/div>\n\t\t<\/section>\n\t\t\t\t<section class=\"elementor-section elementor-top-section elementor-element elementor-element-730275dd elementor-section-boxed elementor-section-height-default elementor-section-height-default\" data-id=\"730275dd\" data-element_type=\"section\" data-settings=\"{&quot;background_background&quot;:&quot;classic&quot;,&quot;jet_parallax_layout_list&quot;:[]}\">\n\t\t\t\t\t\t<div class=\"elementor-container elementor-column-gap-default\">\n\t\t\t\t\t<div class=\"elementor-column elementor-col-100 elementor-top-column elementor-element elementor-element-7bbabd9f\" data-id=\"7bbabd9f\" data-element_type=\"column\">\n\t\t\t<div class=\"elementor-widget-wrap elementor-element-populated\">\n\t\t\t\t\t\t<div class=\"elementor-element elementor-element-39033662 elementor-widget elementor-widget-heading\" data-id=\"39033662\" data-element_type=\"widget\" data-widget_type=\"heading.default\">\n\t\t\t\t<div class=\"elementor-widget-container\">\n\t\t\t\t\t<h6 class=\"elementor-heading-title elementor-size-default\">seguindo explorando<\/h6>\t\t\t\t<\/div>\n\t\t\t\t<\/div>\n\t\t\t\t<div class=\"elementor-element elementor-element-7015e102 elementor-widget elementor-widget-heading\" data-id=\"7015e102\" data-element_type=\"widget\" data-widget_type=\"heading.default\">\n\t\t\t\t<div class=\"elementor-widget-container\">\n\t\t\t\t\t<h2 class=\"elementor-heading-title elementor-size-default\">Outras categorias<\/h2>\t\t\t\t<\/div>\n\t\t\t\t<\/div>\n\t\t\t\t<section class=\"elementor-section elementor-inner-section elementor-element elementor-element-6b3c2f53 elementor-section-full_width elementor-section-height-min-height elementor-section-height-default\" data-id=\"6b3c2f53\" data-element_type=\"section\" data-settings=\"{&quot;jet_parallax_layout_list&quot;:[]}\">\n\t\t\t\t\t\t<div class=\"elementor-container elementor-column-gap-default\">\n\t\t\t\t\t<div class=\"elementor-column elementor-col-50 elementor-inner-column elementor-element elementor-element-211ef498\" data-id=\"211ef498\" data-element_type=\"column\" data-settings=\"{&quot;background_background&quot;:&quot;classic&quot;,&quot;animation_mobile&quot;:&quot;fadeInUp&quot;}\">\n\t\t\t<div class=\"elementor-widget-wrap elementor-element-populated\">\n\t\t\t\t\t\t<div class=\"elementor-element elementor-element-54b67896 elementor-widget elementor-widget-image\" data-id=\"54b67896\" data-element_type=\"widget\" data-widget_type=\"image.default\">\n\t\t\t\t<div class=\"elementor-widget-container\">\n\t\t\t\t\t\t\t\t\t\t\t\t\t\t\t<img decoding=\"async\" width=\"104\" height=\"100\" src=\"https:\/\/fifarma.org\/wp-content\/uploads\/2022\/12\/salud.svg\" class=\"attachment-large size-large wp-image-1692\" alt=\"\" \/>\t\t\t\t\t\t\t\t\t\t\t\t\t\t\t<\/div>\n\t\t\t\t<\/div>\n\t\t\t\t<div class=\"elementor-element elementor-element-1a834299 elementor-widget elementor-widget-heading\" data-id=\"1a834299\" data-element_type=\"widget\" data-widget_type=\"heading.default\">\n\t\t\t\t<div class=\"elementor-widget-container\">\n\t\t\t\t\t<h5 class=\"elementor-heading-title elementor-size-default\">Sa\u00fade<\/h5>\t\t\t\t<\/div>\n\t\t\t\t<\/div>\n\t\t\t\t<div class=\"elementor-element elementor-element-22a60636 elementor-widget elementor-widget-jet-button\" data-id=\"22a60636\" data-element_type=\"widget\" data-widget_type=\"jet-button.default\">\n\t\t\t\t<div class=\"elementor-widget-container\">\n\t\t\t\t\t<div class=\"elementor-jet-button jet-elements\"><div class=\"jet-button__container\">\n\t<a class=\"jet-button__instance jet-button__instance--icon-left hover-effect-4\" href=\"https:\/\/fifarma.org\/pt\/observatorio\/saude\/\">\n\t\t<div class=\"jet-button__plane jet-button__plane-normal\"><\/div>\n\t\t<div class=\"jet-button__plane jet-button__plane-hover\"><\/div>\n\t\t<div class=\"jet-button__state jet-button__state-normal\">\n\t\t\t<span class=\"jet-button__icon jet-elements-icon\"><svg xmlns=\"http:\/\/www.w3.org\/2000\/svg\" width=\"58\" height=\"20\" viewbox=\"0 0 58 20\" fill=\"none\"><path fill-rule=\"evenodd\" clip-rule=\"evenodd\" d=\"M49.021 0.397743L57.6049 9.03978C58.1317 9.57009 58.1317 10.4299 57.6049 10.9602L49.021 19.6023C48.4942 20.1326 47.6402 20.1326 47.1134 19.6023C46.5867 19.0719 46.5867 18.2121 47.1134 17.6818L53.3948 11.358L-9.92945e-07 11.358L-7.55511e-07 8.64203L53.3948 8.64204L47.1134 2.31819C46.5867 1.78788 46.5867 0.928061 47.1134 0.397743C47.6402 -0.132575 48.4942 -0.132575 49.021 0.397743Z\" fill=\"#171717\"><\/path><\/svg><\/span><span class=\"jet-button__label\">VER MAIS<\/span>\t\t<\/div>\n\t\t<div class=\"jet-button__state jet-button__state-hover\">\n\t\t\t<span class=\"jet-button__icon jet-elements-icon\"><svg xmlns=\"http:\/\/www.w3.org\/2000\/svg\" width=\"58\" height=\"20\" viewbox=\"0 0 58 20\" fill=\"none\"><path fill-rule=\"evenodd\" clip-rule=\"evenodd\" d=\"M49.021 0.397743L57.6049 9.03978C58.1317 9.57009 58.1317 10.4299 57.6049 10.9602L49.021 19.6023C48.4942 20.1326 47.6402 20.1326 47.1134 19.6023C46.5867 19.0719 46.5867 18.2121 47.1134 17.6818L53.3948 11.358L-9.92945e-07 11.358L-7.55511e-07 8.64203L53.3948 8.64204L47.1134 2.31819C46.5867 1.78788 46.5867 0.928061 47.1134 0.397743C47.6402 -0.132575 48.4942 -0.132575 49.021 0.397743Z\" fill=\"#171717\"><\/path><\/svg><\/span><span class=\"jet-button__label\">VER MAIS<\/span>\t\t<\/div>\n\t<\/a>\n<\/div>\n<\/div>\t\t\t\t<\/div>\n\t\t\t\t<\/div>\n\t\t\t\t\t<\/div>\n\t\t<\/div>\n\t\t\t\t<div class=\"elementor-column elementor-col-50 elementor-inner-column elementor-element elementor-element-40b08be0\" data-id=\"40b08be0\" data-element_type=\"column\" data-settings=\"{&quot;background_background&quot;:&quot;classic&quot;,&quot;animation_mobile&quot;:&quot;fadeInUp&quot;}\">\n\t\t\t<div class=\"elementor-widget-wrap elementor-element-populated\">\n\t\t\t\t\t\t<div class=\"elementor-element elementor-element-3528d2a3 elementor-widget elementor-widget-image\" data-id=\"3528d2a3\" data-element_type=\"widget\" data-widget_type=\"image.default\">\n\t\t\t\t<div class=\"elementor-widget-container\">\n\t\t\t\t\t\t\t\t\t\t\t\t\t\t\t<img decoding=\"async\" width=\"100\" height=\"100\" src=\"https:\/\/fifarma.org\/wp-content\/uploads\/2022\/12\/innovacion.svg\" class=\"attachment-large size-large wp-image-1690\" alt=\"\" \/>\t\t\t\t\t\t\t\t\t\t\t\t\t\t\t<\/div>\n\t\t\t\t<\/div>\n\t\t\t\t<div class=\"elementor-element elementor-element-1cd94794 elementor-widget elementor-widget-heading\" data-id=\"1cd94794\" data-element_type=\"widget\" data-widget_type=\"heading.default\">\n\t\t\t\t<div class=\"elementor-widget-container\">\n\t\t\t\t\t<h5 class=\"elementor-heading-title elementor-size-default\">Inova\u00e7\u00e3o<\/h5>\t\t\t\t<\/div>\n\t\t\t\t<\/div>\n\t\t\t\t<div class=\"elementor-element elementor-element-6c423f0e elementor-widget elementor-widget-jet-button\" data-id=\"6c423f0e\" data-element_type=\"widget\" data-widget_type=\"jet-button.default\">\n\t\t\t\t<div class=\"elementor-widget-container\">\n\t\t\t\t\t<div class=\"elementor-jet-button jet-elements\"><div class=\"jet-button__container\">\n\t<a class=\"jet-button__instance jet-button__instance--icon-left hover-effect-4\" href=\"https:\/\/fifarma.org\/pt\/observatorio\/inovacao\/\">\n\t\t<div class=\"jet-button__plane jet-button__plane-normal\"><\/div>\n\t\t<div class=\"jet-button__plane jet-button__plane-hover\"><\/div>\n\t\t<div class=\"jet-button__state jet-button__state-normal\">\n\t\t\t<span class=\"jet-button__icon jet-elements-icon\"><svg xmlns=\"http:\/\/www.w3.org\/2000\/svg\" width=\"58\" height=\"20\" viewbox=\"0 0 58 20\" fill=\"none\"><path fill-rule=\"evenodd\" clip-rule=\"evenodd\" d=\"M49.021 0.397743L57.6049 9.03978C58.1317 9.57009 58.1317 10.4299 57.6049 10.9602L49.021 19.6023C48.4942 20.1326 47.6402 20.1326 47.1134 19.6023C46.5867 19.0719 46.5867 18.2121 47.1134 17.6818L53.3948 11.358L-9.92945e-07 11.358L-7.55511e-07 8.64203L53.3948 8.64204L47.1134 2.31819C46.5867 1.78788 46.5867 0.928061 47.1134 0.397743C47.6402 -0.132575 48.4942 -0.132575 49.021 0.397743Z\" fill=\"#171717\"><\/path><\/svg><\/span><span class=\"jet-button__label\">VER MAIS<\/span>\t\t<\/div>\n\t\t<div class=\"jet-button__state jet-button__state-hover\">\n\t\t\t<span class=\"jet-button__icon jet-elements-icon\"><svg xmlns=\"http:\/\/www.w3.org\/2000\/svg\" width=\"58\" height=\"20\" viewbox=\"0 0 58 20\" fill=\"none\"><path fill-rule=\"evenodd\" clip-rule=\"evenodd\" d=\"M49.021 0.397743L57.6049 9.03978C58.1317 9.57009 58.1317 10.4299 57.6049 10.9602L49.021 19.6023C48.4942 20.1326 47.6402 20.1326 47.1134 19.6023C46.5867 19.0719 46.5867 18.2121 47.1134 17.6818L53.3948 11.358L-9.92945e-07 11.358L-7.55511e-07 8.64203L53.3948 8.64204L47.1134 2.31819C46.5867 1.78788 46.5867 0.928061 47.1134 0.397743C47.6402 -0.132575 48.4942 -0.132575 49.021 0.397743Z\" fill=\"#171717\"><\/path><\/svg><\/span><span class=\"jet-button__label\">VER MAIS<\/span>\t\t<\/div>\n\t<\/a>\n<\/div>\n<\/div>\t\t\t\t<\/div>\n\t\t\t\t<\/div>\n\t\t\t\t\t<\/div>\n\t\t<\/div>\n\t\t\t\t\t<\/div>\n\t\t<\/section>\n\t\t\t\t\t<\/div>\n\t\t<\/div>\n\t\t\t\t\t<\/div>\n\t\t<\/section>\n\t\t\t\t<\/div>\n\t\t\n    <div class=\"xs_social_share_widget xs_share_url after_content \t\tmain_content  wslu-style-1 wslu-share-box-shaped wslu-fill-colored wslu-none wslu-share-horizontal wslu-theme-font-no wslu-main_content\">\n\n\t\t\n        <ul>\n\t\t\t        <\/ul>\n    <\/div>","protected":false},"excerpt":{"rendered":"<p>QUIENES SOMOS Perfil pa\u00eds seguir explorando Otras categor\u00edas Salud LEER M\u00c1S LEER M\u00c1S Innovaci\u00f3n LEER M\u00c1S LEER M\u00c1S<\/p>","protected":false},"author":24,"featured_media":0,"parent":1953,"menu_order":0,"comment_status":"closed","ping_status":"closed","template":"elementor_header_footer","meta":{"postBodyCss":"","postBodyMargin":[],"postBodyPadding":[],"postBodyBackground":{"backgroundType":"classic","gradient":""},"enableOnePageScrollInPage":false,"onePageScrollCss":"","onePageScrollSpeed":1000,"onePageScrollAnimation":"easeInOutQuad","onePageScrollShowDotNavigation":true,"onePageScrollNavigation":"scaleUp","onePageScrollNavigationPosition":"right","onePageScrollNavigationHorizontal":[],"onePageScrollNavigationVertical":[],"onePageScrollNavigationSpacing":[],"onePageScrollNavigationColor":"#00ff0d","onePageScrollNavigationColorHover":"#00ff0d","onePageScrollNavigationColorActive":"#00ff0d","onePageScrollNavigationIcon":[],"onePageScrollNavigationWidth":[],"onePageScrollNavigationWidthHover":[],"onePageScrollNavigationWidthActive":[],"onePageScrollNavigationHeight":[],"onePageScrollNavigationHeightHover":[],"onePageScrollNavigationHeightActive":[],"onePageScrollNavigationBorder":[],"onePageScrollNavigationBorderHover":[],"onePageScrollNavigationBorderActive":[],"onePageScrollNavigationBorderRadius":[],"onePageScrollNavigationBorderRadiusHover":[],"onePageScrollNavigationBorderRadiusActive":[],"onePageScrollNavigationTooltipTypography":[],"onePageScrollNavigationTooltipColor":"#ffffff","onePageScrollNavigationTooltipColorHover":"","onePageScrollNavigationTooltipBgColor":"#00ff0d","onePageScrollNavigationTooltipBgColorHover":"","onePageScrollNavigationTooltipPadding":[],"onePageScrollNavigationTooltipPaddingHover":[],"onePageScrollNavigationTooltipBorderRadius":[],"onePageScrollNavigationTooltipBorderRadiusHover":[],"pageSettingsCustomCss":"","footnotes":""},"class_list":["post-1702","page","type-page","status-publish","hentry"],"yoast_head":"<!-- This site is optimized with the Yoast SEO Premium plugin v26.7 (Yoast SEO v27.5) - https:\/\/yoast.com\/product\/yoast-seo-premium-wordpress\/ -->\n<title>Perfil pa\u00eds - FIFARMA<\/title>\n<meta name=\"robots\" content=\"index, follow, max-snippet:-1, max-image-preview:large, max-video-preview:-1\" \/>\n<link rel=\"canonical\" href=\"https:\/\/fifarma.org\/pt\/observatorio\/perfil-pais\/\" \/>\n<meta property=\"og:locale\" content=\"pt_BR\" \/>\n<meta property=\"og:type\" content=\"article\" \/>\n<meta property=\"og:title\" content=\"Perfil pa\u00eds\" \/>\n<meta property=\"og:description\" content=\"QUIENES SOMOS Perfil pa\u00eds seguir explorando Otras categor\u00edas Salud LEER M\u00c1S LEER M\u00c1S Innovaci\u00f3n LEER M\u00c1S LEER M\u00c1S\" \/>\n<meta property=\"og:url\" content=\"https:\/\/fifarma.org\/pt\/observatorio\/perfil-pais\/\" \/>\n<meta property=\"og:site_name\" content=\"FIFARMA\" \/>\n<meta property=\"article:modified_time\" content=\"2024-02-20T14:36:30+00:00\" \/>\n<meta property=\"og:image\" content=\"https:\/\/fifarma.org\/wp-content\/uploads\/2022\/12\/salud.svg\" \/>\n<meta name=\"twitter:card\" content=\"summary_large_image\" \/>\n<meta name=\"twitter:label1\" content=\"Est. tempo de leitura\" \/>\n\t<meta name=\"twitter:data1\" content=\"1 minuto\" \/>\n<script type=\"application\/ld+json\" class=\"yoast-schema-graph\">{\"@context\":\"https:\\\/\\\/schema.org\",\"@graph\":[{\"@type\":\"WebPage\",\"@id\":\"https:\\\/\\\/fifarma.org\\\/observatorio\\\/perfil-pais\\\/\",\"url\":\"https:\\\/\\\/fifarma.org\\\/observatorio\\\/perfil-pais\\\/\",\"name\":\"Perfil pa\u00eds - FIFARMA\",\"isPartOf\":{\"@id\":\"https:\\\/\\\/fifarma.org\\\/#website\"},\"primaryImageOfPage\":{\"@id\":\"https:\\\/\\\/fifarma.org\\\/observatorio\\\/perfil-pais\\\/#primaryimage\"},\"image\":{\"@id\":\"https:\\\/\\\/fifarma.org\\\/observatorio\\\/perfil-pais\\\/#primaryimage\"},\"thumbnailUrl\":\"https:\\\/\\\/fifarma.org\\\/wp-content\\\/uploads\\\/2022\\\/12\\\/salud.svg\",\"datePublished\":\"2022-12-02T14:48:43+00:00\",\"dateModified\":\"2024-02-20T14:36:30+00:00\",\"breadcrumb\":{\"@id\":\"https:\\\/\\\/fifarma.org\\\/observatorio\\\/perfil-pais\\\/#breadcrumb\"},\"inLanguage\":\"pt-BR\",\"potentialAction\":[{\"@type\":\"ReadAction\",\"target\":[\"https:\\\/\\\/fifarma.org\\\/observatorio\\\/perfil-pais\\\/\"]}]},{\"@type\":\"ImageObject\",\"inLanguage\":\"pt-BR\",\"@id\":\"https:\\\/\\\/fifarma.org\\\/observatorio\\\/perfil-pais\\\/#primaryimage\",\"url\":\"https:\\\/\\\/fifarma.org\\\/wp-content\\\/uploads\\\/2022\\\/12\\\/salud.svg\",\"contentUrl\":\"https:\\\/\\\/fifarma.org\\\/wp-content\\\/uploads\\\/2022\\\/12\\\/salud.svg\"},{\"@type\":\"BreadcrumbList\",\"@id\":\"https:\\\/\\\/fifarma.org\\\/observatorio\\\/perfil-pais\\\/#breadcrumb\",\"itemListElement\":[{\"@type\":\"ListItem\",\"position\":1,\"name\":\"Portada\",\"item\":\"https:\\\/\\\/fifarma.org\\\/\"},{\"@type\":\"ListItem\",\"position\":2,\"name\":\"Observatorio\",\"item\":\"https:\\\/\\\/fifarma.org\\\/observatorio\\\/\"},{\"@type\":\"ListItem\",\"position\":3,\"name\":\"Perfil pa\u00eds\"}]},{\"@type\":\"WebSite\",\"@id\":\"https:\\\/\\\/fifarma.org\\\/#website\",\"url\":\"https:\\\/\\\/fifarma.org\\\/\",\"name\":\"FIFARMA\",\"description\":\"Federaci\u00f3n Latinoamericana de la Industria Farmac\u00e9utica\",\"publisher\":{\"@id\":\"https:\\\/\\\/fifarma.org\\\/#organization\"},\"potentialAction\":[{\"@type\":\"SearchAction\",\"target\":{\"@type\":\"EntryPoint\",\"urlTemplate\":\"https:\\\/\\\/fifarma.org\\\/?s={search_term_string}\"},\"query-input\":{\"@type\":\"PropertyValueSpecification\",\"valueRequired\":true,\"valueName\":\"search_term_string\"}}],\"inLanguage\":\"pt-BR\"},{\"@type\":\"Organization\",\"@id\":\"https:\\\/\\\/fifarma.org\\\/#organization\",\"name\":\"Fifarma\",\"alternateName\":\"Federaci\u00f3n Latinoamericana de la Industria Farmac\u00e9utica\",\"url\":\"https:\\\/\\\/fifarma.org\\\/\",\"logo\":{\"@type\":\"ImageObject\",\"inLanguage\":\"pt-BR\",\"@id\":\"https:\\\/\\\/fifarma.org\\\/#\\\/schema\\\/logo\\\/image\\\/\",\"url\":\"https:\\\/\\\/fifarma.org\\\/wp-content\\\/uploads\\\/2022\\\/10\\\/logo-fifarma.png\",\"contentUrl\":\"https:\\\/\\\/fifarma.org\\\/wp-content\\\/uploads\\\/2022\\\/10\\\/logo-fifarma.png\",\"width\":195,\"height\":39,\"caption\":\"Fifarma\"},\"image\":{\"@id\":\"https:\\\/\\\/fifarma.org\\\/#\\\/schema\\\/logo\\\/image\\\/\"}}]}<\/script>\n<!-- \/ Yoast SEO Premium plugin. -->","yoast_head_json":{"title":"Perfil pa\u00eds - FIFARMA","robots":{"index":"index","follow":"follow","max-snippet":"max-snippet:-1","max-image-preview":"max-image-preview:large","max-video-preview":"max-video-preview:-1"},"canonical":"https:\/\/fifarma.org\/pt\/observatorio\/perfil-pais\/","og_locale":"pt_BR","og_type":"article","og_title":"Perfil pa\u00eds","og_description":"QUIENES SOMOS Perfil pa\u00eds seguir explorando Otras categor\u00edas Salud LEER M\u00c1S LEER M\u00c1S Innovaci\u00f3n LEER M\u00c1S LEER M\u00c1S","og_url":"https:\/\/fifarma.org\/pt\/observatorio\/perfil-pais\/","og_site_name":"FIFARMA","article_modified_time":"2024-02-20T14:36:30+00:00","og_image":[{"url":"https:\/\/fifarma.org\/wp-content\/uploads\/2022\/12\/salud.svg","type":"","width":"","height":""}],"twitter_card":"summary_large_image","twitter_misc":{"Est. tempo de leitura":"1 minuto"},"schema":{"@context":"https:\/\/schema.org","@graph":[{"@type":"WebPage","@id":"https:\/\/fifarma.org\/observatorio\/perfil-pais\/","url":"https:\/\/fifarma.org\/observatorio\/perfil-pais\/","name":"Perfil pa\u00eds - FIFARMA","isPartOf":{"@id":"https:\/\/fifarma.org\/#website"},"primaryImageOfPage":{"@id":"https:\/\/fifarma.org\/observatorio\/perfil-pais\/#primaryimage"},"image":{"@id":"https:\/\/fifarma.org\/observatorio\/perfil-pais\/#primaryimage"},"thumbnailUrl":"https:\/\/fifarma.org\/wp-content\/uploads\/2022\/12\/salud.svg","datePublished":"2022-12-02T14:48:43+00:00","dateModified":"2024-02-20T14:36:30+00:00","breadcrumb":{"@id":"https:\/\/fifarma.org\/observatorio\/perfil-pais\/#breadcrumb"},"inLanguage":"pt-BR","potentialAction":[{"@type":"ReadAction","target":["https:\/\/fifarma.org\/observatorio\/perfil-pais\/"]}]},{"@type":"ImageObject","inLanguage":"pt-BR","@id":"https:\/\/fifarma.org\/observatorio\/perfil-pais\/#primaryimage","url":"https:\/\/fifarma.org\/wp-content\/uploads\/2022\/12\/salud.svg","contentUrl":"https:\/\/fifarma.org\/wp-content\/uploads\/2022\/12\/salud.svg"},{"@type":"BreadcrumbList","@id":"https:\/\/fifarma.org\/observatorio\/perfil-pais\/#breadcrumb","itemListElement":[{"@type":"ListItem","position":1,"name":"Portada","item":"https:\/\/fifarma.org\/"},{"@type":"ListItem","position":2,"name":"Observatorio","item":"https:\/\/fifarma.org\/observatorio\/"},{"@type":"ListItem","position":3,"name":"Perfil pa\u00eds"}]},{"@type":"WebSite","@id":"https:\/\/fifarma.org\/#website","url":"https:\/\/fifarma.org\/","name":"FIFARMA","description":"Federaci\u00f3n Latinoamericana de la Industria Farmac\u00e9utica","publisher":{"@id":"https:\/\/fifarma.org\/#organization"},"potentialAction":[{"@type":"SearchAction","target":{"@type":"EntryPoint","urlTemplate":"https:\/\/fifarma.org\/?s={search_term_string}"},"query-input":{"@type":"PropertyValueSpecification","valueRequired":true,"valueName":"search_term_string"}}],"inLanguage":"pt-BR"},{"@type":"Organization","@id":"https:\/\/fifarma.org\/#organization","name":"Fifarma","alternateName":"Federaci\u00f3n Latinoamericana de la Industria Farmac\u00e9utica","url":"https:\/\/fifarma.org\/","logo":{"@type":"ImageObject","inLanguage":"pt-BR","@id":"https:\/\/fifarma.org\/#\/schema\/logo\/image\/","url":"https:\/\/fifarma.org\/wp-content\/uploads\/2022\/10\/logo-fifarma.png","contentUrl":"https:\/\/fifarma.org\/wp-content\/uploads\/2022\/10\/logo-fifarma.png","width":195,"height":39,"caption":"Fifarma"},"image":{"@id":"https:\/\/fifarma.org\/#\/schema\/logo\/image\/"}}]}},"_links":{"self":[{"href":"https:\/\/fifarma.org\/pt\/wp-json\/wp\/v2\/pages\/1702","targetHints":{"allow":["GET"]}}],"collection":[{"href":"https:\/\/fifarma.org\/pt\/wp-json\/wp\/v2\/pages"}],"about":[{"href":"https:\/\/fifarma.org\/pt\/wp-json\/wp\/v2\/types\/page"}],"author":[{"embeddable":true,"href":"https:\/\/fifarma.org\/pt\/wp-json\/wp\/v2\/users\/24"}],"replies":[{"embeddable":true,"href":"https:\/\/fifarma.org\/pt\/wp-json\/wp\/v2\/comments?post=1702"}],"version-history":[{"count":0,"href":"https:\/\/fifarma.org\/pt\/wp-json\/wp\/v2\/pages\/1702\/revisions"}],"up":[{"embeddable":true,"href":"https:\/\/fifarma.org\/pt\/wp-json\/wp\/v2\/pages\/1953"}],"wp:attachment":[{"href":"https:\/\/fifarma.org\/pt\/wp-json\/wp\/v2\/media?parent=1702"}],"curies":[{"name":"wp","href":"https:\/\/api.w.org\/{rel}","templated":true}]}}