{"id":3,"date":"2022-10-03T08:13:17","date_gmt":"2022-10-03T13:13:17","guid":{"rendered":"https:\/\/fifarma.org\/?page_id=3"},"modified":"2024-02-20T09:36:30","modified_gmt":"2024-02-20T14:36:30","slug":"politica-privacidad","status":"publish","type":"page","link":"https:\/\/fifarma.org\/en\/politica-privacidad\/","title":{"rendered":"Privacy Policy"},"content":{"rendered":"<div style=\"height:92px\" aria-hidden=\"true\" class=\"wp-block-spacer\"><\/div>\n\n\n\n<h3 class=\"wp-block-heading\">Aviso de privacidad<\/h3>\n\n\n\n<p>En cumplimiento a lo dispuesto en la Ley Federal de Protecci\u00f3n de Datos Personales en Posesi\u00f3n de los Particulares, ponemos a su disposici\u00f3n el presente Aviso de Privacidad en los siguientes t\u00e9rminos:<\/p>\n\n\n\n<div style=\"height:53px\" aria-hidden=\"true\" class=\"wp-block-spacer\"><\/div>\n\n\n\n<h4 class=\"wp-block-heading\">Responsable de Protecci\u00f3n de Datos Personales<\/h4>\n\n\n\n<p><a>La Federaci\u00f3n Latinoamericana de la Industria Farmac\u00e9utica, A.C. (FIFARMA) con oficinas ubicadas en Porfirio D\u00edaz n\u00famero 102, Colonia del Valle, C.P. 03100, Benito Ju\u00e1rez, en la Ciudad de M\u00e9xico.<\/a><\/p>\n\n\n\n<p>El responsable del tratamiento de los datos personales es Mar\u00eda Alejandra De Guzm\u00e1n, a quien puede contactarse bien en el siguiente correo electr\u00f3nico: <a href=\"mailto:madeguzman@fifarma.org\">madeguzman@fifarma.org, <\/a>o en las oficinas ubicadas en Porfirio D\u00edaz n\u00famero 102, Colonia del Valle, C.P. 03100, Benito Ju\u00e1rez, en la Ciudad de M\u00e9xico.<\/p>\n\n\n\n<div style=\"height:53px\" aria-hidden=\"true\" class=\"wp-block-spacer\"><\/div>\n\n\n\n<h4 class=\"wp-block-heading\">Datos personales recopilados por FIFARMA<\/h4>\n\n\n\n<p>Para dar cumplimiento a las finalidades del tratamiento indicado en el presente Aviso de Privacidad para eventos y actividades, es necesario que FIFARMA trate las siguientes categor\u00edas de datos personales.<\/p>\n\n\n\n<ol class=\"wp-block-list\" type=\"a\">\n<li>Name<\/li>\n\n\n\n<li>Domicilio<\/li>\n\n\n\n<li>Tel\u00e9fono residencial, tel\u00e9fono de oficina o tel\u00e9fono m\u00f3vil<\/li>\n\n\n\n<li>Email<\/li>\n\n\n\n<li>Identificaci\u00f3n (ID)<\/li>\n\n\n\n<li>Pasaporte<\/li>\n\n\n\n<li>CURP<\/li>\n\n\n\n<li>Visado<\/li>\n\n\n\n<li>Sexo<\/li>\n\n\n\n<li>Fecha y lugar de nacimiento<\/li>\n\n\n\n<li>Datos financieros (n\u00famero de tarjeta de d\u00e9bito o cr\u00e9dito y nombre del banco)<\/li>\n\n\n\n<li>Registro Federal de Contribuyentes<\/li>\n<\/ol>\n\n\n\n<p>Recopilamos los datos de usted personal, libre y voluntariamente cuando se pone en contacto con nosotros para solicitar el servicio.<\/p>\n\n\n\n<p><a><strong>Datos personales sensibles<\/strong><\/a><strong><\/strong><\/p>\n\n\n\n<p>Le informamos que FIFARMA no solicita datos personales sensibles.<\/p>\n\n\n\n<div style=\"height:53px\" aria-hidden=\"true\" class=\"wp-block-spacer\"><\/div>\n\n\n\n<h4 class=\"wp-block-heading\">Finalidad del uso de los Datos Personales<\/h4>\n\n\n\n<ol class=\"wp-block-list\" type=\"a\">\n<li><strong>Finalidades primarias<\/strong><strong><\/strong><\/li>\n<\/ol>\n\n\n\n<ol class=\"wp-block-list\" type=\"i\">\n<li>Captura de datos en la base de datos FIFARMA, que cuenta con medidas de seguridad administrativas, f\u00edsicas y t\u00e9cnicas para la salvaguarda y protecci\u00f3n de la informaci\u00f3n personal<\/li>\n\n\n\n<li>Medios de identificaci\u00f3n de la persona<\/li>\n\n\n\n<li>Medios de comunicaci\u00f3n<\/li>\n\n\n\n<li>Generaci\u00f3n de datos estad\u00edsticos<\/li>\n\n\n\n<li>Medios de identificaci\u00f3n<\/li>\n\n\n\n<li>Cobro y facturaci\u00f3n de Servicios<\/li>\n<\/ol>\n\n\n\n<ul class=\"wp-block-list\">\n<li><strong>Finalidades secundarias<\/strong><strong><\/strong><\/li>\n<\/ul>\n\n\n\n<p>Sus datos personales pueden ser utilizados con fines de marketing, publicidad o prospecci\u00f3n comercial. Tiene un plazo m\u00e1ximo de cinco d\u00edas h\u00e1biles para, en su caso, manifestar su negativa a tratar sus datos personales con respecto a estas multas enviando un correo electr\u00f3nico a madeguzman@fifarma.org, o a la direcci\u00f3n de FIFARMA.<\/p>\n\n\n\n<div style=\"height:53px\" aria-hidden=\"true\" class=\"wp-block-spacer\"><\/div>\n\n\n\n<h4 class=\"wp-block-heading\">Transferencias de datos nacionales e internacionales<\/h4>\n\n\n\n<p>Cabe destacar que usted autoriza expresamente a FIFARMA a transmitir copias electr\u00f3nicas y f\u00edsicas de sus identificaciones oficiales y de todos y cada uno de los documentos requeridos para identificarle, a cualquier autoridad que lo requiera en cualquier momento y de cualquier forma. FIFARMA transmitir\u00e1 los datos que haya proporcionado o que haya recibido leg\u00edtimamente, independientemente de la fuente, cuando as\u00ed lo requiera una orden de una autoridad judicial. Al proporcionar datos personales, incluidos datos personales confidenciales, usted libera a FIFARMA de cualquier responsabilidad en la que pueda incurrir por recopilar o intentar transmitir sus datos de conformidad con la prestaci\u00f3n del servicio que recibe. Destacando que FIFARMA no solicita datos personales sensibles.<\/p>\n\n\n\n<p>Sus datos personales pueden ser transferidos y procesados dentro y fuera del pa\u00eds, por personas distintas a esta empresa. En ese sentido, su informaci\u00f3n podr\u00e1 ser compartida con nuestros anunciantes, patrocinadores, publicistas, contratistas, socios comerciales y\/o terceros con quienes FIFARMA haya mantenido o mantenga diversos acuerdos comerciales tanto dentro del territorio nacional como en el extranjero, para remitir a criterio de FIFARMA, notificaci\u00f3n de ofertas, anuncios, publicidad y\/o mensajes promocionales de acuerdo a sus intereses espec\u00edficos,&nbsp; ya sea propiamente propia o de terceros, facilitar datos estad\u00edsticos a potenciales anunciantes o para realizar comunicaciones con fines de marketing, publicidad o telemarketing, realizar estudios de mercado, desarrollar programas de beneficios e incentivos y en general para mejorar nuestros servicios.<\/p>\n\n\n\n<p>Su informaci\u00f3n personal tambi\u00e9n puede ser transferida, almacenada y procesada en un pa\u00eds diferente desde el que se proporcion\u00f3. Si lo hacemos, transferimos la informaci\u00f3n de acuerdo con las leyes de protecci\u00f3n de datos aplicables. Tomamos medidas para proteger la informaci\u00f3n personal independientemente del pa\u00eds donde se almacene o donde se transfiera. Contamos con procedimientos y controles adecuados para garantizar esta protecci\u00f3n.<\/p>\n\n\n\n<p>Puede oponerse al tratamiento de sus datos para finalidades secundarias en cualquier momento, a trav\u00e9s de los medios que hemos puesto a su disposici\u00f3n para el ejercicio de sus derechos ARCO. En caso de no oponerse al tratamiento de sus datos personales para fines secundarios en un plazo de cinco d\u00edas h\u00e1biles desde la obtenci\u00f3n de sus datos, se considera que ha dado su consentimiento.<\/p>\n\n\n\n<div style=\"height:53px\" aria-hidden=\"true\" class=\"wp-block-spacer\"><\/div>\n\n\n\n<h4 class=\"wp-block-heading\">Limitaci\u00f3n del uso o divulgaci\u00f3n de datos personales<\/h4>\n\n\n\n<p>Los datos personales ser\u00e1n recogidos por FIFARMA, cuando se ponga en contacto con ella, trabaje o preste sus servicios a FIFARMA, cuando asista o participe en las Convenciones, conferencias, reuniones de trabajo o cualquier evento organizado por FIFARMA, o cuando llame a algunos de los servicios telef\u00f3nicos o de Internet a disposici\u00f3n de terceros para aclaraciones y comentarios.<\/p>\n\n\n\n<p>Como titular de los datos personales, usted es responsable de garantizar la veracidad e integridad de dichos datos, liberando a FIFARMA de cualquier responsabilidad por los contenidos de los mismos.<\/p>\n\n\n\n<p>Si desea manifestar una limitaci\u00f3n al uso o divulgaci\u00f3n de los datos personales proporcionados por usted, para ser tratados de conformidad con lo establecido en el presente aviso de privacidad, deber\u00e1 enviar su solicitud por escrito a Mar\u00eda Alejandra De Guzm\u00e1n, ya sea a las oficinas de FIFARMA o al <a href=\"mailto:madeguzman@fifarma.org\">correo electr\u00f3nico madeguzman@fifarma.org, <\/a>en el que deber\u00e1 especificarse lo siguiente:<\/p>\n\n\n\n<ol class=\"wp-block-list\" type=\"a\">\n<li>Nombre del titular de los datos personales<\/li>\n\n\n\n<li>Identificaci\u00f3n del titular de los datos personales<\/li>\n\n\n\n<li>Un medio de respuesta para informarle sobre su solicitud<\/li>\n\n\n\n<li>Una descripci\u00f3n clara y precisa de los datos personales respecto de los cuales se solicita la limitaci\u00f3n del uso o divulgaci\u00f3n<\/li>\n<\/ol>\n\n\n\n<div style=\"height:53px\" aria-hidden=\"true\" class=\"wp-block-spacer\"><\/div>\n\n\n\n<h4 class=\"wp-block-heading\">Ejercicio de los derechos de acceso, rectificaci\u00f3n, cancelaci\u00f3n y oposici\u00f3n de los datos personales (Derechos ARCO)<\/h4>\n\n\n\n<p>El ejercicio de los derechos de acceso, rectificaci\u00f3n, cancelaci\u00f3n y oposici\u00f3n de los datos personales se realiza mediante la presentaci\u00f3n escrita de la solicitud correspondiente en idioma espa\u00f1ol, la cual deber\u00e1 ser remitida bien a las oficinas ubicadas en Porfirio D\u00edaz No. 102, Colonia del Valle, CP 03100, Delegaci\u00f3n Benito Ju\u00e1rez en la Ciudad de M\u00e9xico, a la atenci\u00f3n de Mar\u00eda Alejandra De Guzm\u00e1n; o hacer que llegue v\u00eda e-mail a la siguiente direcci\u00f3n:<a href=\"mailto:madeguzman@fifarma.org\"> madeguzman@fifarma.org.<\/a><\/p>\n\n\n\n<p>La solicitud de ejercicio de los derechos ARCO contendr\u00e1 la siguiente informaci\u00f3n:<\/p>\n\n\n\n<ol class=\"wp-block-list\" type=\"a\">\n<li>Nombre del titular de los datos personales<\/li>\n\n\n\n<li>Identificaci\u00f3n del titular de los datos personales<\/li>\n\n\n\n<li>Un medio de respuesta para informarle sobre su solicitud<\/li>\n\n\n\n<li>Una descripci\u00f3n clara y precisa de los datos personales respecto de los cuales se solicita el ejercicio de cualquiera de los derechos ARCO<\/li>\n<\/ol>\n\n\n\n<p>Para obtener m\u00e1s informaci\u00f3n sobre el ejercicio de los derechos ARCO, comun\u00edquese con Mar\u00eda Alejandra De Guzm\u00e1n al (55) 54881957.<\/p>\n\n\n\n<p>El plazo para atender su solicitud ser\u00e1 de un m\u00e1ximo de veinte d\u00edas desde la fecha de recepci\u00f3n de su solicitud de acceso, rectificaci\u00f3n, cancelaci\u00f3n u objeci\u00f3n.<\/p>\n\n\n\n<div style=\"height:53px\" aria-hidden=\"true\" class=\"wp-block-spacer\"><\/div>\n\n\n\n<h4 class=\"wp-block-heading\">Derecho a revocar su consentimiento para el tratamiento de datos<\/h4>\n\n\n\n<p>En cualquier momento puede revocar el consentimiento que nos ha otorgado para el tratamiento de los datos personales, con la finalidad de detener el uso de los mismos; por lo tanto, es necesario presentar su solicitud como se indica en la secci\u00f3n &#8220;Limitaci\u00f3n del uso o divulgaci\u00f3n de datos personales&#8221; del presente Aviso de Privacidad.<\/p>\n\n\n\n<p>Su solicitud deber\u00e1 contener nombre completo (nombre o nombres y apellidos o apellidos) copia simple de su identificaci\u00f3n oficial o si en medios electr\u00f3nicos, versi\u00f3n digitalizada de la misma (escaneada), indicaci\u00f3n del correo electr\u00f3nico o direcci\u00f3n f\u00edsica designada para notificaciones y un n\u00famero de tel\u00e9fono de contacto as\u00ed como una descripci\u00f3n clara y precisa de los datos personales para los que desea revocar el consentimiento.<\/p>\n\n\n\n<p>En un plazo de veinte d\u00edas le daremos respuesta sobre el fondo de la misma, a trav\u00e9s de los medios que haya indicado en su solicitud, o mediante el env\u00edo de una carta a la direcci\u00f3n f\u00edsica que haya indicado al efecto. (El plazo se extender\u00e1 desde la fecha en que tengamos conocimiento de su solicitud hasta la fecha en que se entregue el documento al servicio postal o se env\u00ede el correo electr\u00f3nico correspondiente).<\/p>\n\n\n\n<p>Del mismo modo, le informamos que transcurrido el plazo de un a\u00f1o a partir de la fecha en que FIFARMA no requiera su informaci\u00f3n para el cumplimiento de sus obligaciones con respecto a la relaci\u00f3n que la vincula con usted, FIFARMA se reserva el derecho de cancelar la base de datos que contenga sus datos personales y podr\u00e1 eliminarla de la misma y,&nbsp; en este caso, destruir cualquier medio f\u00edsico o electr\u00f3nico que pueda contenerlo.<\/p>\n\n\n\n<div style=\"height:53px\" aria-hidden=\"true\" class=\"wp-block-spacer\"><\/div>\n\n\n\n<h4 class=\"wp-block-heading\">Informaci\u00f3n financiera<\/h4>\n\n\n\n<p>FIFARMA puede utilizar su informaci\u00f3n financiera para verificar que cumple con los requisitos cubiertos por las instituciones financieras del pa\u00eds para realizar ventas y otras transacciones de manera eficiente, para entregarle los bienes y servicios que ha solicitado, para inscribirlo en programas de descuento, reembolso y otros programas que elija para participar y para realizar el control de calidad. En algunos casos, podemos utilizar su informaci\u00f3n financiera y, en consecuencia, podemos proporcionarla a los proveedores de servicios para que nos ayuden a realizar algunas de estas tareas. En tales casos, requerimos que los proveedores de servicios celebren acuerdos con nosotros con respecto al manejo confidencial de su informaci\u00f3n que debe ser al menos igual al manejo que FIFARMA le da a la informaci\u00f3n. Tambi\u00e9n podemos proporcionar su informaci\u00f3n financiera a emisores de tarjetas de cr\u00e9dito, instituciones financieras o procesadores de tarjetas de cr\u00e9dito para procesar transacciones y para otros fines. FIFARMA no es responsable ni de ninguna otra manera legalmente responsable de cualquier uso o divulgaci\u00f3n de su informaci\u00f3n financiera por parte de un tercero con quien FIFARMA puede divulgar su informaci\u00f3n financiera en virtud de este aviso de privacidad.<\/p>\n\n\n\n<div style=\"height:53px\" aria-hidden=\"true\" class=\"wp-block-spacer\"><\/div>\n\n\n\n<h4 class=\"wp-block-heading\">Uso de Cookies<\/h4>\n\n\n\n<p>Informamos que quando voc\u00ea acessa nosso portal da Internet, por meio de seus cookies e web beacons, recebemos informa\u00e7\u00f5es como o tipo de navegador e sistema operacional, as p\u00e1ginas da Internet que voc\u00ea visitou recentemente, os links seguidos recentemente, o endere\u00e7o IP do seu computador, o site que voc\u00ea fechou antes de entrar em nosso portal da Internet, etc.<\/p>\n\n\n\n<p>Para efectos del presente Aviso de Privacidad se entiende lo siguiente:<\/p>\n\n\n\n<p>Cookies- Son archivos de texto que se descargan autom\u00e1ticamente y se almacenan en el disco duro del equipo inform\u00e1tico del usuario para navegar por una p\u00e1gina o portal de Internet espec\u00edfico, permitiendo al servidor Web almacenar ciertos datos, incluyendo p\u00e1ginas favoritas para ver en internet, algunas claves y contrase\u00f1as.<\/p>\n\n\n\n<p>Web beacon- Im\u00e1genes insertadas en p\u00e1ginas web o portales as\u00ed como correos electr\u00f3nicos y, entre otros, que pueden almacenar informaci\u00f3n de la direcci\u00f3n IP del usuario, tiempo de interacci\u00f3n en sitios web, etc.<\/p>\n\n\n\n<p>Puede adaptar la configuraci\u00f3n de las cookies, en el entendido de que su bloqueo puede dar lugar al funcionamiento limitado del sitio web, para m\u00e1s informaci\u00f3n puede ponerse en contacto con madeguzman@fifarma.org, o en la direcci\u00f3n de FIFARMA.<\/p>\n\n\n\n<div style=\"height:53px\" aria-hidden=\"true\" class=\"wp-block-spacer\"><\/div>\n\n\n\n<h4 class=\"wp-block-heading\">Modificaciones a este aviso de privacidad<\/h4>\n\n\n\n<p>Nos reservamos el derecho de realizar, en cualquier momento, modificaciones o actualizar este aviso de privacidad. Las modificaciones se pondr\u00e1n a disposici\u00f3n del p\u00fablico a trav\u00e9s de nuestro sitio web.<\/p>\n\n\n\n<p>En caso de no estar de acuerdo con las modificaciones publicadas al aviso de privacidad, las partes deber\u00e1n expresarlo por escrito enviando una carta a madeguzman@fifarma.org, o a la direcci\u00f3n de FIFARMA.<\/p>\n\n\n\n<div style=\"height:53px\" aria-hidden=\"true\" class=\"wp-block-spacer\"><\/div>\n\n\n\n<h4 class=\"wp-block-heading\">Contact<\/h4>\n\n\n\n<p>Puede contactarnos, por escrito, escrito en espa\u00f1ol, dirigido a Mar\u00eda Alejandra De Guzm\u00e1n, ya sea por correo electr\u00f3nico a la direcci\u00f3n de correo electr\u00f3nico, que sigue: madeguzman@fifarma.org; o v\u00eda correo postal a la siguiente direcci\u00f3n: Porfirio D\u00edaz No. 102, Colonia del Valle, CP 03100, Delegaci\u00f3n Benito Ju\u00e1rez en la Ciudad de M\u00e9xico.<\/p>\n\n    <div class=\"xs_social_share_widget xs_share_url after_content \t\tmain_content  wslu-style-1 wslu-share-box-shaped wslu-fill-colored wslu-none wslu-share-horizontal wslu-theme-font-no wslu-main_content\">\n\n\t\t\n        <ul>\n\t\t\t        <\/ul>\n    <\/div>","protected":false},"excerpt":{"rendered":"<p>Aviso de privacidad En cumplimiento a lo dispuesto en la Ley Federal de Protecci\u00f3n de Datos Personales en Posesi\u00f3n de los Particulares, ponemos a su disposici\u00f3n el presente Aviso de Privacidad en los siguientes t\u00e9rminos: Responsable de Protecci\u00f3n de Datos Personales La Federaci\u00f3n Latinoamericana de la Industria Farmac\u00e9utica, A.C. (FIFARMA) con oficinas ubicadas en Porfirio [&hellip;]<\/p>","protected":false},"author":24,"featured_media":0,"parent":0,"menu_order":0,"comment_status":"closed","ping_status":"open","template":"","meta":{"postBodyCss":"","postBodyMargin":[],"postBodyPadding":[],"postBodyBackground":{"backgroundType":"classic","gradient":""},"enableOnePageScrollInPage":false,"onePageScrollCss":"","onePageScrollSpeed":1000,"onePageScrollAnimation":"easeInOutQuad","onePageScrollShowDotNavigation":true,"onePageScrollNavigation":"scaleUp","onePageScrollNavigationPosition":"right","onePageScrollNavigationHorizontal":[],"onePageScrollNavigationVertical":[],"onePageScrollNavigationSpacing":[],"onePageScrollNavigationColor":"#00ff0d","onePageScrollNavigationColorHover":"#00ff0d","onePageScrollNavigationColorActive":"#00ff0d","onePageScrollNavigationIcon":[],"onePageScrollNavigationWidth":[],"onePageScrollNavigationWidthHover":[],"onePageScrollNavigationWidthActive":[],"onePageScrollNavigationHeight":[],"onePageScrollNavigationHeightHover":[],"onePageScrollNavigationHeightActive":[],"onePageScrollNavigationBorder":[],"onePageScrollNavigationBorderHover":[],"onePageScrollNavigationBorderActive":[],"onePageScrollNavigationBorderRadius":[],"onePageScrollNavigationBorderRadiusHover":[],"onePageScrollNavigationBorderRadiusActive":[],"onePageScrollNavigationTooltipTypography":[],"onePageScrollNavigationTooltipColor":"#ffffff","onePageScrollNavigationTooltipColorHover":"","onePageScrollNavigationTooltipBgColor":"#00ff0d","onePageScrollNavigationTooltipBgColorHover":"","onePageScrollNavigationTooltipPadding":[],"onePageScrollNavigationTooltipPaddingHover":[],"onePageScrollNavigationTooltipBorderRadius":[],"onePageScrollNavigationTooltipBorderRadiusHover":[],"pageSettingsCustomCss":"","footnotes":""},"class_list":["post-3","page","type-page","status-publish","hentry"],"yoast_head":"<!-- This site is optimized with the Yoast SEO Premium plugin v26.7 (Yoast SEO v27.5) - https:\/\/yoast.com\/product\/yoast-seo-premium-wordpress\/ -->\n<title>Pol\u00edtica de privacidad - FIFARMA<\/title>\n<meta name=\"robots\" content=\"index, follow, max-snippet:-1, max-image-preview:large, max-video-preview:-1\" \/>\n<link rel=\"canonical\" href=\"https:\/\/fifarma.org\/en\/politica-privacidad\/\" \/>\n<meta property=\"og:locale\" content=\"en_US\" \/>\n<meta property=\"og:type\" content=\"article\" \/>\n<meta property=\"og:title\" content=\"Pol\u00edtica de privacidad\" \/>\n<meta property=\"og:description\" content=\"Aviso de privacidad En cumplimiento a lo dispuesto en la Ley Federal de Protecci\u00f3n de Datos Personales en Posesi\u00f3n de los Particulares, ponemos a su disposici\u00f3n el presente Aviso de Privacidad en los siguientes t\u00e9rminos: Responsable de Protecci\u00f3n de Datos Personales La Federaci\u00f3n Latinoamericana de la Industria Farmac\u00e9utica, A.C. (FIFARMA) con oficinas ubicadas en Porfirio [&hellip;]\" \/>\n<meta property=\"og:url\" content=\"https:\/\/fifarma.org\/en\/politica-privacidad\/\" \/>\n<meta property=\"og:site_name\" content=\"FIFARMA\" \/>\n<meta property=\"article:modified_time\" content=\"2024-02-20T14:36:30+00:00\" \/>\n<meta name=\"twitter:card\" content=\"summary_large_image\" \/>\n<meta name=\"twitter:label1\" content=\"Est. reading time\" \/>\n\t<meta name=\"twitter:data1\" content=\"10 minutes\" \/>\n<script type=\"application\/ld+json\" class=\"yoast-schema-graph\">{\"@context\":\"https:\\\/\\\/schema.org\",\"@graph\":[{\"@type\":\"WebPage\",\"@id\":\"https:\\\/\\\/fifarma.org\\\/politica-privacidad\\\/\",\"url\":\"https:\\\/\\\/fifarma.org\\\/politica-privacidad\\\/\",\"name\":\"Pol\u00edtica de privacidad - FIFARMA\",\"isPartOf\":{\"@id\":\"https:\\\/\\\/fifarma.org\\\/#website\"},\"datePublished\":\"2022-10-03T13:13:17+00:00\",\"dateModified\":\"2024-02-20T14:36:30+00:00\",\"breadcrumb\":{\"@id\":\"https:\\\/\\\/fifarma.org\\\/politica-privacidad\\\/#breadcrumb\"},\"inLanguage\":\"en-US\",\"potentialAction\":[{\"@type\":\"ReadAction\",\"target\":[\"https:\\\/\\\/fifarma.org\\\/politica-privacidad\\\/\"]}]},{\"@type\":\"BreadcrumbList\",\"@id\":\"https:\\\/\\\/fifarma.org\\\/politica-privacidad\\\/#breadcrumb\",\"itemListElement\":[{\"@type\":\"ListItem\",\"position\":1,\"name\":\"Portada\",\"item\":\"https:\\\/\\\/fifarma.org\\\/\"},{\"@type\":\"ListItem\",\"position\":2,\"name\":\"Pol\u00edtica de privacidad\"}]},{\"@type\":\"WebSite\",\"@id\":\"https:\\\/\\\/fifarma.org\\\/#website\",\"url\":\"https:\\\/\\\/fifarma.org\\\/\",\"name\":\"FIFARMA\",\"description\":\"Federaci\u00f3n Latinoamericana de la Industria Farmac\u00e9utica\",\"publisher\":{\"@id\":\"https:\\\/\\\/fifarma.org\\\/#organization\"},\"potentialAction\":[{\"@type\":\"SearchAction\",\"target\":{\"@type\":\"EntryPoint\",\"urlTemplate\":\"https:\\\/\\\/fifarma.org\\\/?s={search_term_string}\"},\"query-input\":{\"@type\":\"PropertyValueSpecification\",\"valueRequired\":true,\"valueName\":\"search_term_string\"}}],\"inLanguage\":\"en-US\"},{\"@type\":\"Organization\",\"@id\":\"https:\\\/\\\/fifarma.org\\\/#organization\",\"name\":\"Fifarma\",\"alternateName\":\"Federaci\u00f3n Latinoamericana de la Industria Farmac\u00e9utica\",\"url\":\"https:\\\/\\\/fifarma.org\\\/\",\"logo\":{\"@type\":\"ImageObject\",\"inLanguage\":\"en-US\",\"@id\":\"https:\\\/\\\/fifarma.org\\\/#\\\/schema\\\/logo\\\/image\\\/\",\"url\":\"https:\\\/\\\/fifarma.org\\\/wp-content\\\/uploads\\\/2022\\\/10\\\/logo-fifarma.png\",\"contentUrl\":\"https:\\\/\\\/fifarma.org\\\/wp-content\\\/uploads\\\/2022\\\/10\\\/logo-fifarma.png\",\"width\":195,\"height\":39,\"caption\":\"Fifarma\"},\"image\":{\"@id\":\"https:\\\/\\\/fifarma.org\\\/#\\\/schema\\\/logo\\\/image\\\/\"}}]}<\/script>\n<!-- \/ Yoast SEO Premium plugin. -->","yoast_head_json":{"title":"Pol\u00edtica de privacidad - FIFARMA","robots":{"index":"index","follow":"follow","max-snippet":"max-snippet:-1","max-image-preview":"max-image-preview:large","max-video-preview":"max-video-preview:-1"},"canonical":"https:\/\/fifarma.org\/en\/politica-privacidad\/","og_locale":"en_US","og_type":"article","og_title":"Pol\u00edtica de privacidad","og_description":"Aviso de privacidad En cumplimiento a lo dispuesto en la Ley Federal de Protecci\u00f3n de Datos Personales en Posesi\u00f3n de los Particulares, ponemos a su disposici\u00f3n el presente Aviso de Privacidad en los siguientes t\u00e9rminos: Responsable de Protecci\u00f3n de Datos Personales La Federaci\u00f3n Latinoamericana de la Industria Farmac\u00e9utica, A.C. (FIFARMA) con oficinas ubicadas en Porfirio [&hellip;]","og_url":"https:\/\/fifarma.org\/en\/politica-privacidad\/","og_site_name":"FIFARMA","article_modified_time":"2024-02-20T14:36:30+00:00","twitter_card":"summary_large_image","twitter_misc":{"Est. reading time":"10 minutes"},"schema":{"@context":"https:\/\/schema.org","@graph":[{"@type":"WebPage","@id":"https:\/\/fifarma.org\/politica-privacidad\/","url":"https:\/\/fifarma.org\/politica-privacidad\/","name":"Pol\u00edtica de privacidad - FIFARMA","isPartOf":{"@id":"https:\/\/fifarma.org\/#website"},"datePublished":"2022-10-03T13:13:17+00:00","dateModified":"2024-02-20T14:36:30+00:00","breadcrumb":{"@id":"https:\/\/fifarma.org\/politica-privacidad\/#breadcrumb"},"inLanguage":"en-US","potentialAction":[{"@type":"ReadAction","target":["https:\/\/fifarma.org\/politica-privacidad\/"]}]},{"@type":"BreadcrumbList","@id":"https:\/\/fifarma.org\/politica-privacidad\/#breadcrumb","itemListElement":[{"@type":"ListItem","position":1,"name":"Portada","item":"https:\/\/fifarma.org\/"},{"@type":"ListItem","position":2,"name":"Pol\u00edtica de privacidad"}]},{"@type":"WebSite","@id":"https:\/\/fifarma.org\/#website","url":"https:\/\/fifarma.org\/","name":"FIFARMA","description":"Federaci\u00f3n Latinoamericana de la Industria Farmac\u00e9utica","publisher":{"@id":"https:\/\/fifarma.org\/#organization"},"potentialAction":[{"@type":"SearchAction","target":{"@type":"EntryPoint","urlTemplate":"https:\/\/fifarma.org\/?s={search_term_string}"},"query-input":{"@type":"PropertyValueSpecification","valueRequired":true,"valueName":"search_term_string"}}],"inLanguage":"en-US"},{"@type":"Organization","@id":"https:\/\/fifarma.org\/#organization","name":"Fifarma","alternateName":"Federaci\u00f3n Latinoamericana de la Industria Farmac\u00e9utica","url":"https:\/\/fifarma.org\/","logo":{"@type":"ImageObject","inLanguage":"en-US","@id":"https:\/\/fifarma.org\/#\/schema\/logo\/image\/","url":"https:\/\/fifarma.org\/wp-content\/uploads\/2022\/10\/logo-fifarma.png","contentUrl":"https:\/\/fifarma.org\/wp-content\/uploads\/2022\/10\/logo-fifarma.png","width":195,"height":39,"caption":"Fifarma"},"image":{"@id":"https:\/\/fifarma.org\/#\/schema\/logo\/image\/"}}]}},"_links":{"self":[{"href":"https:\/\/fifarma.org\/en\/wp-json\/wp\/v2\/pages\/3","targetHints":{"allow":["GET"]}}],"collection":[{"href":"https:\/\/fifarma.org\/en\/wp-json\/wp\/v2\/pages"}],"about":[{"href":"https:\/\/fifarma.org\/en\/wp-json\/wp\/v2\/types\/page"}],"author":[{"embeddable":true,"href":"https:\/\/fifarma.org\/en\/wp-json\/wp\/v2\/users\/24"}],"replies":[{"embeddable":true,"href":"https:\/\/fifarma.org\/en\/wp-json\/wp\/v2\/comments?post=3"}],"version-history":[{"count":0,"href":"https:\/\/fifarma.org\/en\/wp-json\/wp\/v2\/pages\/3\/revisions"}],"wp:attachment":[{"href":"https:\/\/fifarma.org\/en\/wp-json\/wp\/v2\/media?parent=3"}],"curies":[{"name":"wp","href":"https:\/\/api.w.org\/{rel}","templated":true}]}}